{"id":2,"date":"2021-01-24T18:07:26","date_gmt":"2021-01-24T16:07:26","guid":{"rendered":"https:\/\/www.anttitoivola.fi\/wordpress\/?page_id=2"},"modified":"2021-03-10T18:35:00","modified_gmt":"2021-03-10T16:35:00","slug":"esimerkkisivu","status":"publish","type":"page","link":"https:\/\/www.anttitoivola.fi\/","title":{"rendered":"Antti Toivola &#8211; Laulaja-lauluntekij\u00e4"},"content":{"rendered":"\n<p>Antti Toivola on laulaja-lauluntekij\u00e4 ja iskelm\u00e4artisti. Antin kappaleita kuullaan monien artistien levyill\u00e4 jo vuosikymminen ajalta.<\/p>\n\n\n\n<p>Vuonna 2021 julkaistaan Antin omista uusista kappaleista koostuva albumi.<\/p>\n\n\n\n<p>Antin voit tilata keikalle trubaduuri, duo ja b\u00e4ndikokoonpanoilla. <\/p>\n\n\n\n<figure class=\"wp-block-embed is-type-rich is-provider-spotify wp-block-embed-spotify wp-embed-aspect-9-16 wp-has-aspect-ratio\"><div class=\"wp-block-embed__wrapper\">\n<iframe loading=\"lazy\" title=\"Spotify Embed: Kaksi T\u00e4hte\u00e4\" width=\"300\" height=\"380\" allowtransparency=\"true\" frameborder=\"0\" allow=\"encrypted-media\" src=\"https:\/\/open.spotify.com\/embed\/track\/6DMfeFKZbEbcau8EbC54gs?si=V6jjgZajTsaARjuh_ti_3w\"><\/iframe>\n<\/div><figcaption>Kaksi t\u00e4hte\u00e4 &#8211; Spotify<\/figcaption><\/figure>\n\n\n\n<figure class=\"wp-block-embed is-type-video is-provider-youtube wp-block-embed-youtube wp-embed-aspect-16-9 wp-has-aspect-ratio\"><div class=\"wp-block-embed__wrapper\">\n<iframe loading=\"lazy\" title=\"Kaksi ta\u0308htea\u0308 - Antti Toivola - Virallinen video - Official video\" width=\"990\" height=\"557\" src=\"https:\/\/www.youtube.com\/embed\/L39qQ8UgV-M?feature=oembed\" frameborder=\"0\" allow=\"accelerometer; autoplay; clipboard-write; encrypted-media; gyroscope; picture-in-picture\" allowfullscreen><\/iframe>\n<\/div><figcaption>Kaksi t\u00e4hte\u00e4 &#8211; Youtube<\/figcaption><\/figure>\n\n\n\n<figure class=\"wp-block-embed is-type-rich is-provider-spotify wp-block-embed-spotify wp-embed-aspect-9-16 wp-has-aspect-ratio\"><div class=\"wp-block-embed__wrapper\">\n<iframe loading=\"lazy\" title=\"Spotify Embed: Levoton syd\u00e4n\" width=\"300\" height=\"380\" allowtransparency=\"true\" frameborder=\"0\" allow=\"encrypted-media\" src=\"https:\/\/open.spotify.com\/embed\/track\/0f4ZyNNEwKQ38kbPENVmH0?si=C22jrIW6QWi965d6VbjvpQ\"><\/iframe>\n<\/div><figcaption>Levoton syd\u00e4n &#8211; Spotify<\/figcaption><\/figure>\n\n\n\n<figure class=\"wp-block-embed alignwide is-type-video is-provider-youtube wp-block-embed-youtube wp-embed-aspect-16-9 wp-has-aspect-ratio\"><div class=\"wp-block-embed__wrapper\">\n<iframe loading=\"lazy\" title=\"Levoton syd\u00e4n - Antti Toivola - Virallinen video - Official video\" width=\"990\" height=\"557\" src=\"https:\/\/www.youtube.com\/embed\/C3p11ZAsJXs?feature=oembed\" frameborder=\"0\" allow=\"accelerometer; autoplay; clipboard-write; encrypted-media; gyroscope; picture-in-picture\" allowfullscreen><\/iframe>\n<\/div><figcaption>Kaksi t\u00e4hte\u00e4 &#8211; Youtube<\/figcaption><\/figure>\n\n\n\n<p>Ota yhteytt\u00e4 antti(at)anttitoivola.fi tai 0447822261.<\/p>\n","protected":false},"excerpt":{"rendered":"<p>Antti Toivola on laulaja-lauluntekij\u00e4 ja iskelm\u00e4artisti. Antin kappaleita kuullaan monien artistien levyill\u00e4 jo vuosikymminen ajalta. Vuonna 2021 julkaistaan Antin omista &hellip; <a href=\"https:\/\/www.anttitoivola.fi\/\" class=\"more-link\"><span class=\"more-button\">Continue Reading<span class=\"screen-reader-text\">Antti Toivola &#8211; Laulaja-lauluntekij\u00e4<\/span><\/span><\/a><\/p>\n","protected":false},"author":1,"featured_media":0,"parent":0,"menu_order":0,"comment_status":"closed","ping_status":"open","template":"","meta":{"footnotes":""},"class_list":["post-2","page","type-page","status-publish","hentry"],"_links":{"self":[{"href":"https:\/\/www.anttitoivola.fi\/index.php\/wp-json\/wp\/v2\/pages\/2","targetHints":{"allow":["GET"]}}],"collection":[{"href":"https:\/\/www.anttitoivola.fi\/index.php\/wp-json\/wp\/v2\/pages"}],"about":[{"href":"https:\/\/www.anttitoivola.fi\/index.php\/wp-json\/wp\/v2\/types\/page"}],"author":[{"embeddable":true,"href":"https:\/\/www.anttitoivola.fi\/index.php\/wp-json\/wp\/v2\/users\/1"}],"replies":[{"embeddable":true,"href":"https:\/\/www.anttitoivola.fi\/index.php\/wp-json\/wp\/v2\/comments?post=2"}],"version-history":[{"count":19,"href":"https:\/\/www.anttitoivola.fi\/index.php\/wp-json\/wp\/v2\/pages\/2\/revisions"}],"predecessor-version":[{"id":85,"href":"https:\/\/www.anttitoivola.fi\/index.php\/wp-json\/wp\/v2\/pages\/2\/revisions\/85"}],"wp:attachment":[{"href":"https:\/\/www.anttitoivola.fi\/index.php\/wp-json\/wp\/v2\/media?parent=2"}],"curies":[{"name":"wp","href":"https:\/\/api.w.org\/{rel}","templated":true}]}}